{"id":589,"date":"2018-04-11T12:59:26","date_gmt":"2018-04-11T10:59:26","guid":{"rendered":"http:\/\/el-mi.it\/?page_id=589"},"modified":"2025-09-16T12:59:38","modified_gmt":"2025-09-16T10:59:38","slug":"produccion","status":"publish","type":"page","link":"https:\/\/el-mi.it\/es\/produccion\/","title":{"rendered":"PRODUCCI\u00d3N"},"content":{"rendered":"<div id=\"cs-content\" class=\"cs-content\"><\/div>\n","protected":false},"excerpt":{"rendered":"<p>PRODUCCI\u00d3NPRODUCCI\u00d3NLa sede de nuestra empresa se encuentra en Verolanuova, en provincia de Brescia (Italia).Desde hace m\u00e1s de 50 a\u00f1os producimos bajo pedido motores el\u00e9ctricos as\u00edncronos con potencia hasta 1000w: \u00a0MOTORES EL\u00c9CTRICOS COMPLETOS ESTATORES BOBINADOS ROTORES ELABORADOS Producimos motores el\u00e9ctricos para el sector del home automation (cancelas autom\u00e1ticas, puertas de garajes, automatizaci\u00f3n de contraventanas, barreras, toldos, cortinas venecianas y persianas) Cancelas &#8230; <\/p>\n<div><a href=\"https:\/\/el-mi.it\/es\/produccion\/\" class=\"more-link\">Read More<\/a><\/div>\n","protected":false},"author":1,"featured_media":0,"parent":0,"menu_order":0,"comment_status":"closed","ping_status":"closed","template":"template-blank-4.php","meta":{"footnotes":""},"class_list":["post-589","page","type-page","status-publish","hentry","no-post-thumbnail"],"_links":{"self":[{"href":"https:\/\/el-mi.it\/es\/wp-json\/wp\/v2\/pages\/589","targetHints":{"allow":["GET"]}}],"collection":[{"href":"https:\/\/el-mi.it\/es\/wp-json\/wp\/v2\/pages"}],"about":[{"href":"https:\/\/el-mi.it\/es\/wp-json\/wp\/v2\/types\/page"}],"author":[{"embeddable":true,"href":"https:\/\/el-mi.it\/es\/wp-json\/wp\/v2\/users\/1"}],"replies":[{"embeddable":true,"href":"https:\/\/el-mi.it\/es\/wp-json\/wp\/v2\/comments?post=589"}],"version-history":[{"count":15,"href":"https:\/\/el-mi.it\/es\/wp-json\/wp\/v2\/pages\/589\/revisions"}],"predecessor-version":[{"id":1100,"href":"https:\/\/el-mi.it\/es\/wp-json\/wp\/v2\/pages\/589\/revisions\/1100"}],"wp:attachment":[{"href":"https:\/\/el-mi.it\/es\/wp-json\/wp\/v2\/media?parent=589"}],"curies":[{"name":"wp","href":"https:\/\/api.w.org\/{rel}","templated":true}]}}