{"id":567,"date":"2018-04-11T12:14:12","date_gmt":"2018-04-11T10:14:12","guid":{"rendered":"http:\/\/el-mi.it\/?page_id=567"},"modified":"2025-09-16T17:33:36","modified_gmt":"2025-09-16T15:33:36","slug":"trabaja-con-nosotros","status":"publish","type":"page","link":"https:\/\/el-mi.it\/es\/trabaja-con-nosotros\/","title":{"rendered":"TRABAJA CON NOSOTROS"},"content":{"rendered":"<div id=\"cs-content\" class=\"cs-content\"><\/div>\n","protected":false},"excerpt":{"rendered":"<p>TRABAJA CON NOSOTROS TRABAJA CON NOSOTROS Herramentista para transfers gestionados mediante ordenadorHerramentista parar tornos cncJ\u00f3venes con diploma de perito mec\u00e1nicoJ\u00f3venes con diploma electrot\u00e9cnicoPara inserci\u00f3n laboral en oficina de producci\u00f3n, oficina t\u00e9cnica, oficina investigaci\u00f3n y desarrollo, oficina de calidad.Para presentar tu candidatura puedes enviar tu curr\u00edculum, preferentemente en formato pdf y una carta de presentaci\u00f3n rellenando el formulario de abajo. Tus &#8230; <\/p>\n<div><a href=\"https:\/\/el-mi.it\/es\/trabaja-con-nosotros\/\" class=\"more-link\">Read More<\/a><\/div>\n","protected":false},"author":1,"featured_media":0,"parent":0,"menu_order":0,"comment_status":"closed","ping_status":"closed","template":"template-blank-4.php","meta":{"footnotes":""},"class_list":["post-567","page","type-page","status-publish","hentry","no-post-thumbnail"],"_links":{"self":[{"href":"https:\/\/el-mi.it\/es\/wp-json\/wp\/v2\/pages\/567","targetHints":{"allow":["GET"]}}],"collection":[{"href":"https:\/\/el-mi.it\/es\/wp-json\/wp\/v2\/pages"}],"about":[{"href":"https:\/\/el-mi.it\/es\/wp-json\/wp\/v2\/types\/page"}],"author":[{"embeddable":true,"href":"https:\/\/el-mi.it\/es\/wp-json\/wp\/v2\/users\/1"}],"replies":[{"embeddable":true,"href":"https:\/\/el-mi.it\/es\/wp-json\/wp\/v2\/comments?post=567"}],"version-history":[{"count":6,"href":"https:\/\/el-mi.it\/es\/wp-json\/wp\/v2\/pages\/567\/revisions"}],"predecessor-version":[{"id":1108,"href":"https:\/\/el-mi.it\/es\/wp-json\/wp\/v2\/pages\/567\/revisions\/1108"}],"wp:attachment":[{"href":"https:\/\/el-mi.it\/es\/wp-json\/wp\/v2\/media?parent=567"}],"curies":[{"name":"wp","href":"https:\/\/api.w.org\/{rel}","templated":true}]}}