{"id":545,"date":"2018-04-11T11:32:09","date_gmt":"2018-04-11T09:32:09","guid":{"rendered":"http:\/\/el-mi.it\/?page_id=545"},"modified":"2025-09-16T12:26:06","modified_gmt":"2025-09-16T10:26:06","slug":"home","status":"publish","type":"page","link":"https:\/\/el-mi.it\/es\/","title":{"rendered":"Home"},"content":{"rendered":"<div id=\"cs-content\" class=\"cs-content\"><\/div>\n","protected":false},"excerpt":{"rendered":"<p>EL-MI S.r.l.u. \u2013 CONSTRUCCI\u00d3N DE MOTORES EL\u00c9CTRICOSEL-MI S.r.l.u. \u2013 CONSTRUCCI\u00d3N DE MOTORES EL\u00c9CTRICOSProducimos motores el\u00e9ctricos especiales as\u00edncronos con potencia hasta 1000w. Suministramos motores el\u00e9ctricos completos, estatores bobinados y rotores elaborados con \u00e1rbol dise\u00f1ado seg\u00fan las especificaciones de nuestros clientes. Somos l\u00edderes europeos en la producci\u00f3n de motores para aperturas autom\u00e1ticas.Desde hace m&aacute;s de 50 a&ntilde;os operamos en la provincia de &#8230; <\/p>\n<div><a href=\"https:\/\/el-mi.it\/es\/\" class=\"more-link\">Read More<\/a><\/div>\n","protected":false},"author":1,"featured_media":0,"parent":0,"menu_order":0,"comment_status":"closed","ping_status":"closed","template":"template-blank-4.php","meta":{"footnotes":""},"class_list":["post-545","page","type-page","status-publish","hentry","no-post-thumbnail"],"_links":{"self":[{"href":"https:\/\/el-mi.it\/es\/wp-json\/wp\/v2\/pages\/545","targetHints":{"allow":["GET"]}}],"collection":[{"href":"https:\/\/el-mi.it\/es\/wp-json\/wp\/v2\/pages"}],"about":[{"href":"https:\/\/el-mi.it\/es\/wp-json\/wp\/v2\/types\/page"}],"author":[{"embeddable":true,"href":"https:\/\/el-mi.it\/es\/wp-json\/wp\/v2\/users\/1"}],"replies":[{"embeddable":true,"href":"https:\/\/el-mi.it\/es\/wp-json\/wp\/v2\/comments?post=545"}],"version-history":[{"count":16,"href":"https:\/\/el-mi.it\/es\/wp-json\/wp\/v2\/pages\/545\/revisions"}],"predecessor-version":[{"id":1093,"href":"https:\/\/el-mi.it\/es\/wp-json\/wp\/v2\/pages\/545\/revisions\/1093"}],"wp:attachment":[{"href":"https:\/\/el-mi.it\/es\/wp-json\/wp\/v2\/media?parent=545"}],"curies":[{"name":"wp","href":"https:\/\/api.w.org\/{rel}","templated":true}]}}