{"id":532,"date":"2018-04-11T10:45:41","date_gmt":"2018-04-11T08:45:41","guid":{"rendered":"http:\/\/el-mi.it\/?page_id=532"},"modified":"2025-09-16T17:48:04","modified_gmt":"2025-09-16T15:48:04","slug":"contactenos","status":"publish","type":"page","link":"https:\/\/el-mi.it\/es\/contactenos\/","title":{"rendered":"Cont\u00e1ctenos"},"content":{"rendered":"<div id=\"cs-content\" class=\"cs-content\"><\/div>\n","protected":false},"excerpt":{"rendered":"<p>Cont\u00e1ctanosCont\u00e1ctanosPor favor, activa JavaScript en tu navegador para completar este formulario.Por favor, activa JavaScript en tu navegador para completar este formulario.Nombre *Apellido *Email *Tel\u00e9fonoMensaje *Privacy *Declaro que he le\u00eddo y acepto la pol\u00edtica de privacidad.Enviar Por favor, activa JavaScript en tu navegador para completar este formulario.Por favor, activa JavaScript en tu navegador para completar este formulario.Nombre *Apellido *Email *Tel\u00e9fonoMensaje *Privacy &#8230; <\/p>\n<div><a href=\"https:\/\/el-mi.it\/es\/contactenos\/\" class=\"more-link\">Read More<\/a><\/div>\n","protected":false},"author":1,"featured_media":0,"parent":0,"menu_order":0,"comment_status":"closed","ping_status":"closed","template":"template-blank-4.php","meta":{"footnotes":""},"class_list":["post-532","page","type-page","status-publish","hentry","no-post-thumbnail"],"_links":{"self":[{"href":"https:\/\/el-mi.it\/es\/wp-json\/wp\/v2\/pages\/532","targetHints":{"allow":["GET"]}}],"collection":[{"href":"https:\/\/el-mi.it\/es\/wp-json\/wp\/v2\/pages"}],"about":[{"href":"https:\/\/el-mi.it\/es\/wp-json\/wp\/v2\/types\/page"}],"author":[{"embeddable":true,"href":"https:\/\/el-mi.it\/es\/wp-json\/wp\/v2\/users\/1"}],"replies":[{"embeddable":true,"href":"https:\/\/el-mi.it\/es\/wp-json\/wp\/v2\/comments?post=532"}],"version-history":[{"count":8,"href":"https:\/\/el-mi.it\/es\/wp-json\/wp\/v2\/pages\/532\/revisions"}],"predecessor-version":[{"id":1111,"href":"https:\/\/el-mi.it\/es\/wp-json\/wp\/v2\/pages\/532\/revisions\/1111"}],"wp:attachment":[{"href":"https:\/\/el-mi.it\/es\/wp-json\/wp\/v2\/media?parent=532"}],"curies":[{"name":"wp","href":"https:\/\/api.w.org\/{rel}","templated":true}]}}