{"id":736,"date":"2019-04-16T17:43:16","date_gmt":"2019-04-16T15:43:16","guid":{"rendered":"http:\/\/el-mi.it\/cookie-policy\/"},"modified":"2019-05-13T11:57:25","modified_gmt":"2019-05-13T09:57:25","slug":"cookie-policy","status":"publish","type":"page","link":"https:\/\/el-mi.it\/de\/cookie-policy\/","title":{"rendered":"Cookie Policy"},"content":{"rendered":"<div id=\"cs-content\" class=\"cs-content\"><\/div>\n","protected":false},"excerpt":{"rendered":"<p>INFORMATION ZU COOKIES und NAVIGATIONSDATEN Dieser Informationshinweis zu den Navigationsdaten und Cookies gibt Aufschluss zu den der Navigation auf der Website zugrundeliegenden technisch-informatischen Profilen, und erkl\u00e4rt, wie vorzugehen ist, falls die Ablehnung oder L\u00f6schung der auf der Website verwendeten Cookies gew\u00fcnscht wird. Weitere Informationen bez\u00fcglich der Verarbeitung der vom Nutzer im Rahmen der Navigation auf dieser Webseite freiwillig \u00fcbermittelten personenbezogenen &#8230; <\/p>\n<div><a href=\"https:\/\/el-mi.it\/de\/cookie-policy\/\" class=\"more-link\">Read More<\/a><\/div>\n","protected":false},"author":1,"featured_media":0,"parent":0,"menu_order":0,"comment_status":"closed","ping_status":"closed","template":"template-blank-4.php","meta":{"footnotes":""},"class_list":["post-736","page","type-page","status-publish","hentry","no-post-thumbnail"],"_links":{"self":[{"href":"https:\/\/el-mi.it\/de\/wp-json\/wp\/v2\/pages\/736","targetHints":{"allow":["GET"]}}],"collection":[{"href":"https:\/\/el-mi.it\/de\/wp-json\/wp\/v2\/pages"}],"about":[{"href":"https:\/\/el-mi.it\/de\/wp-json\/wp\/v2\/types\/page"}],"author":[{"embeddable":true,"href":"https:\/\/el-mi.it\/de\/wp-json\/wp\/v2\/users\/1"}],"replies":[{"embeddable":true,"href":"https:\/\/el-mi.it\/de\/wp-json\/wp\/v2\/comments?post=736"}],"version-history":[{"count":1,"href":"https:\/\/el-mi.it\/de\/wp-json\/wp\/v2\/pages\/736\/revisions"}],"predecessor-version":[{"id":737,"href":"https:\/\/el-mi.it\/de\/wp-json\/wp\/v2\/pages\/736\/revisions\/737"}],"wp:attachment":[{"href":"https:\/\/el-mi.it\/de\/wp-json\/wp\/v2\/media?parent=736"}],"curies":[{"name":"wp","href":"https:\/\/api.w.org\/{rel}","templated":true}]}}