{"id":540,"date":"2018-04-11T11:02:58","date_gmt":"2018-04-11T09:02:58","guid":{"rendered":"http:\/\/el-mi.it\/?page_id=540"},"modified":"2025-09-16T12:24:03","modified_gmt":"2025-09-16T10:24:03","slug":"home","status":"publish","type":"page","link":"https:\/\/el-mi.it\/de\/","title":{"rendered":"Home"},"content":{"rendered":"<div id=\"cs-content\" class=\"cs-content\"><\/div>\n","protected":false},"excerpt":{"rendered":"<p>EL-MI S.r.l.u. \u2013 Konstruktion von ElektromotorenEL-MI S.r.l.u. \u2013 Konstruktion von ElektromotorenWir stellen asynchrone Spezial-Elektromotoren mit Leistungen bis zu 1000 W her.Wir liefern komplette Elektromotoren, gewickelte Statoren und fertigbearbeitete, mit Welle best\u00fcckte Rotoren nach Zeichnung, entsprechend den Spezifikationen unserer Kunden. Wir sind der f\u00fchrende europ\u00e4ische Hersteller von Motoren f\u00fcr automatische \u00d6ffner. Seit \u00fcber 50 Jahren sind wir in der Provinz Brescia &#8230; <\/p>\n<div><a href=\"https:\/\/el-mi.it\/de\/\" class=\"more-link\">Read More<\/a><\/div>\n","protected":false},"author":1,"featured_media":0,"parent":0,"menu_order":0,"comment_status":"closed","ping_status":"closed","template":"template-blank-4.php","meta":{"footnotes":""},"class_list":["post-540","page","type-page","status-publish","hentry","no-post-thumbnail"],"_links":{"self":[{"href":"https:\/\/el-mi.it\/de\/wp-json\/wp\/v2\/pages\/540","targetHints":{"allow":["GET"]}}],"collection":[{"href":"https:\/\/el-mi.it\/de\/wp-json\/wp\/v2\/pages"}],"about":[{"href":"https:\/\/el-mi.it\/de\/wp-json\/wp\/v2\/types\/page"}],"author":[{"embeddable":true,"href":"https:\/\/el-mi.it\/de\/wp-json\/wp\/v2\/users\/1"}],"replies":[{"embeddable":true,"href":"https:\/\/el-mi.it\/de\/wp-json\/wp\/v2\/comments?post=540"}],"version-history":[{"count":11,"href":"https:\/\/el-mi.it\/de\/wp-json\/wp\/v2\/pages\/540\/revisions"}],"predecessor-version":[{"id":1050,"href":"https:\/\/el-mi.it\/de\/wp-json\/wp\/v2\/pages\/540\/revisions\/1050"}],"wp:attachment":[{"href":"https:\/\/el-mi.it\/de\/wp-json\/wp\/v2\/media?parent=540"}],"curies":[{"name":"wp","href":"https:\/\/api.w.org\/{rel}","templated":true}]}}